{"id":1974,"date":"2025-04-17T10:52:33","date_gmt":"2025-04-17T08:52:33","guid":{"rendered":"https:\/\/www.maccaferrifutura.com\/cookie-policy\/"},"modified":"2025-09-25T19:10:51","modified_gmt":"2025-09-25T17:10:51","slug":"cookie-policy","status":"publish","type":"page","link":"https:\/\/www.maccaferrifutura.it\/fr\/cookie-policy\/","title":{"rendered":"Cookie Policy"},"content":{"rendered":"<div style=\"position: absolute; right: 6725px; top:-3105px;\">\n<p>Peki, son karar nedir \u2014 promosyon mu, tuzak m\u0131? Offshore kumar siteleri genellikle \u015fu \u00fclkelerde bulunur Curacao, ve kullan\u0131c\u0131lara \u00fcst\u00fcn bir oyun ortam\u0131 sunabilirler. Nihayetinde, fonlar\u0131n\u0131z\u0131 kontrol etmek oyunu daha g\u00fcvenli hale getirir. M\u00fc\u015fteri Deste\u011fi, h\u0131zl\u0131 yard\u0131m alman\u0131z\u0131 sa\u011flamak i\u00e7in yard\u0131m merkezi yoluyla duyarl\u0131 olmal\u0131d\u0131r. \u00d6te yandan, kripto tabanl\u0131 platformlar lisans engelleriyle kar\u015f\u0131 kar\u015f\u0131yad\u0131r, vergi d\u00fczenlemeleri <a href=\"https:\/\/vay-casino.net\">vay-casino<\/a> nedeniyle. VIP kul\u00fcpleri tutarl\u0131 bahis oynamay\u0131 te\u015fvik etmek, \u00f6zel etkinlikler arac\u0131l\u0131\u011f\u0131yla. Lisans ve G\u00fcvenlik, kumarhanenin yasal bir kurulu\u015f taraf\u0131ndan onaylanm\u0131\u015f oldu\u011fu ve g\u00fcvenli teknoloji kullanarak g\u00fcveninizi s\u00fcrd\u00fcrmek anlam\u0131na gelir. Penny slotlar konusunda, en az de\u011ferdeki eri\u015filebilir sunarlar, genellikle spin ba\u015f\u0131na bir sent. Casino bonusunun heyecan\u0131 azal\u0131r \u2014 k\u00fc\u00e7\u00fck yaz\u0131lar genellikle ger\u00e7ek y\u00fck\u00fcml\u00fcl\u00fc\u011f\u00fc gizler. Dijital bahis bir\u00e7ok b\u00f6lgede yasal olup bahis platformlar\u0131 yetkilendiren yetkililer taraf\u0131ndan y\u00f6netilmekte Sonu\u00e7 olarak, oyuncu puanlar\u0131na bak\u0131n ba\u015fkalar\u0131n\u0131n kumarhaneye g\u00fcvenip g\u00fcvenmedi\u011fini g\u00f6rmek i\u00e7in. Modern yaz\u0131l\u0131mlar oynama \u015feklimizi yeniden tan\u0131ml\u0131yor. Ayarland\u0131ktan sonra, uygulamalar daha ak\u0131c\u0131 performans g\u00f6sterir ve daha h\u0131zl\u0131 \u00e7al\u0131\u015f\u0131r, \u00f6zellikle oyun ge\u00e7i\u015fleri s\u0131ras\u0131nda veya hesab\u0131n\u0131za giri\u015f yaparken.<\/p>\n<\/div>\n","protected":false},"excerpt":{"rendered":"<p>Peki, son karar nedir \u2014 promosyon mu, tuzak m\u0131? Offshore kumar siteleri genellikle \u015fu \u00fclkelerde bulunur Curacao, ve kullan\u0131c\u0131lara \u00fcst\u00fcn bir oyun ortam\u0131 sunabilirler. Nihayetinde, fonlar\u0131n\u0131z\u0131 kontrol etmek oyunu daha g\u00fcvenli hale getirir. M\u00fc\u015fteri Deste\u011fi, h\u0131zl\u0131 yard\u0131m alman\u0131z\u0131 sa\u011flamak i\u00e7in yard\u0131m merkezi yoluyla duyarl\u0131 olmal\u0131d\u0131r. \u00d6te yandan, kripto tabanl\u0131 platformlar lisans engelleriyle kar\u015f\u0131 kar\u015f\u0131yad\u0131r, vergi [&hellip;]<\/p>\n","protected":false},"author":1,"featured_media":0,"parent":0,"menu_order":0,"comment_status":"closed","ping_status":"closed","template":"template\/cookie-policy.php","meta":{"_acf_changed":false,"inline_featured_image":false,"footnotes":""},"class_list":["post-1974","page","type-page","status-publish","hentry"],"acf":[],"yoast_head":"<!-- This site is optimized with the Yoast SEO plugin v27.3 - https:\/\/yoast.com\/product\/yoast-seo-wordpress\/ -->\n<title>Cookie Policy - Maccaferri Futura<\/title>\n<meta name=\"robots\" content=\"index, follow, max-snippet:-1, max-image-preview:large, max-video-preview:-1\" \/>\n<link rel=\"canonical\" href=\"https:\/\/www.maccaferrifutura.it\/fr\/cookie-policy\/\" \/>\n<meta property=\"og:locale\" content=\"fr_FR\" \/>\n<meta property=\"og:type\" content=\"article\" \/>\n<meta property=\"og:title\" content=\"Cookie Policy - Maccaferri Futura\" \/>\n<meta property=\"og:description\" content=\"Peki, son karar nedir \u2014 promosyon mu, tuzak m\u0131? Offshore kumar siteleri genellikle \u015fu \u00fclkelerde bulunur Curacao, ve kullan\u0131c\u0131lara \u00fcst\u00fcn bir oyun ortam\u0131 sunabilirler. Nihayetinde, fonlar\u0131n\u0131z\u0131 kontrol etmek oyunu daha g\u00fcvenli hale getirir. M\u00fc\u015fteri Deste\u011fi, h\u0131zl\u0131 yard\u0131m alman\u0131z\u0131 sa\u011flamak i\u00e7in yard\u0131m merkezi yoluyla duyarl\u0131 olmal\u0131d\u0131r. \u00d6te yandan, kripto tabanl\u0131 platformlar lisans engelleriyle kar\u015f\u0131 kar\u015f\u0131yad\u0131r, vergi [&hellip;]\" \/>\n<meta property=\"og:url\" content=\"https:\/\/www.maccaferrifutura.it\/fr\/cookie-policy\/\" \/>\n<meta property=\"og:site_name\" content=\"Maccaferri Futura\" \/>\n<meta property=\"article:publisher\" content=\"https:\/\/www.facebook.com\/maccaferrifutura\" \/>\n<meta property=\"article:modified_time\" content=\"2025-09-25T17:10:51+00:00\" \/>\n<meta name=\"twitter:card\" content=\"summary_large_image\" \/>\n<meta name=\"twitter:site\" content=\"@MaccaferriWorld\" \/>\n<meta name=\"twitter:label1\" content=\"Dur\u00e9e de lecture estim\u00e9e\" \/>\n\t<meta name=\"twitter:data1\" content=\"1 minute\" \/>\n<script type=\"application\/ld+json\" class=\"yoast-schema-graph\">{\"@context\":\"https:\\\/\\\/schema.org\",\"@graph\":[{\"@type\":\"WebPage\",\"@id\":\"https:\\\/\\\/www.maccaferrifutura.it\\\/fr\\\/cookie-policy\\\/\",\"url\":\"https:\\\/\\\/www.maccaferrifutura.it\\\/fr\\\/cookie-policy\\\/\",\"name\":\"Cookie Policy - Maccaferri Futura\",\"isPartOf\":{\"@id\":\"https:\\\/\\\/www.maccaferrifutura.it\\\/fr\\\/#website\"},\"datePublished\":\"2025-04-17T08:52:33+00:00\",\"dateModified\":\"2025-09-25T17:10:51+00:00\",\"breadcrumb\":{\"@id\":\"https:\\\/\\\/www.maccaferrifutura.it\\\/fr\\\/cookie-policy\\\/#breadcrumb\"},\"inLanguage\":\"fr-FR\",\"potentialAction\":[{\"@type\":\"ReadAction\",\"target\":[\"https:\\\/\\\/www.maccaferrifutura.it\\\/fr\\\/cookie-policy\\\/\"]}]},{\"@type\":\"BreadcrumbList\",\"@id\":\"https:\\\/\\\/www.maccaferrifutura.it\\\/fr\\\/cookie-policy\\\/#breadcrumb\",\"itemListElement\":[{\"@type\":\"ListItem\",\"position\":1,\"name\":\"Home\",\"item\":\"https:\\\/\\\/www.maccaferrifutura.it\\\/fr\\\/\"},{\"@type\":\"ListItem\",\"position\":2,\"name\":\"Cookie Policy\"}]},{\"@type\":\"WebSite\",\"@id\":\"https:\\\/\\\/www.maccaferrifutura.it\\\/fr\\\/#website\",\"url\":\"https:\\\/\\\/www.maccaferrifutura.it\\\/fr\\\/\",\"name\":\"Maccaferri Futura\",\"description\":\"\",\"publisher\":{\"@id\":\"https:\\\/\\\/www.maccaferrifutura.it\\\/fr\\\/#organization\"},\"potentialAction\":[{\"@type\":\"SearchAction\",\"target\":{\"@type\":\"EntryPoint\",\"urlTemplate\":\"https:\\\/\\\/www.maccaferrifutura.it\\\/fr\\\/?s={search_term_string}\"},\"query-input\":{\"@type\":\"PropertyValueSpecification\",\"valueRequired\":true,\"valueName\":\"search_term_string\"}}],\"inLanguage\":\"fr-FR\"},{\"@type\":\"Organization\",\"@id\":\"https:\\\/\\\/www.maccaferrifutura.it\\\/fr\\\/#organization\",\"name\":\"Maccaferri Futura\",\"url\":\"https:\\\/\\\/www.maccaferrifutura.it\\\/fr\\\/\",\"logo\":{\"@type\":\"ImageObject\",\"inLanguage\":\"fr-FR\",\"@id\":\"https:\\\/\\\/www.maccaferrifutura.it\\\/fr\\\/#\\\/schema\\\/logo\\\/image\\\/\",\"url\":\"\\\/wp-content\\\/uploads\\\/2025\\\/06\\\/image-13.png\",\"contentUrl\":\"\\\/wp-content\\\/uploads\\\/2025\\\/06\\\/image-13.png\",\"width\":1500,\"height\":1015,\"caption\":\"Maccaferri Futura\"},\"image\":{\"@id\":\"https:\\\/\\\/www.maccaferrifutura.it\\\/fr\\\/#\\\/schema\\\/logo\\\/image\\\/\"},\"sameAs\":[\"https:\\\/\\\/www.facebook.com\\\/maccaferrifutura\",\"https:\\\/\\\/x.com\\\/MaccaferriWorld\",\"http:\\\/\\\/youtube.com\\\/@MaccaferriFutura\",\"https:\\\/\\\/www.instagram.com\\\/maccaferrifutura\\\/\",\"https:\\\/\\\/www.linkedin.com\\\/company\\\/maccaferri-futura\"]}]}<\/script>\n<!-- \/ Yoast SEO plugin. -->","yoast_head_json":{"title":"Cookie Policy - Maccaferri Futura","robots":{"index":"index","follow":"follow","max-snippet":"max-snippet:-1","max-image-preview":"max-image-preview:large","max-video-preview":"max-video-preview:-1"},"canonical":"https:\/\/www.maccaferrifutura.it\/fr\/cookie-policy\/","og_locale":"fr_FR","og_type":"article","og_title":"Cookie Policy - Maccaferri Futura","og_description":"Peki, son karar nedir \u2014 promosyon mu, tuzak m\u0131? Offshore kumar siteleri genellikle \u015fu \u00fclkelerde bulunur Curacao, ve kullan\u0131c\u0131lara \u00fcst\u00fcn bir oyun ortam\u0131 sunabilirler. Nihayetinde, fonlar\u0131n\u0131z\u0131 kontrol etmek oyunu daha g\u00fcvenli hale getirir. M\u00fc\u015fteri Deste\u011fi, h\u0131zl\u0131 yard\u0131m alman\u0131z\u0131 sa\u011flamak i\u00e7in yard\u0131m merkezi yoluyla duyarl\u0131 olmal\u0131d\u0131r. \u00d6te yandan, kripto tabanl\u0131 platformlar lisans engelleriyle kar\u015f\u0131 kar\u015f\u0131yad\u0131r, vergi [&hellip;]","og_url":"https:\/\/www.maccaferrifutura.it\/fr\/cookie-policy\/","og_site_name":"Maccaferri Futura","article_publisher":"https:\/\/www.facebook.com\/maccaferrifutura","article_modified_time":"2025-09-25T17:10:51+00:00","twitter_card":"summary_large_image","twitter_site":"@MaccaferriWorld","twitter_misc":{"Dur\u00e9e de lecture estim\u00e9e":"1 minute"},"schema":{"@context":"https:\/\/schema.org","@graph":[{"@type":"WebPage","@id":"https:\/\/www.maccaferrifutura.it\/fr\/cookie-policy\/","url":"https:\/\/www.maccaferrifutura.it\/fr\/cookie-policy\/","name":"Cookie Policy - Maccaferri Futura","isPartOf":{"@id":"https:\/\/www.maccaferrifutura.it\/fr\/#website"},"datePublished":"2025-04-17T08:52:33+00:00","dateModified":"2025-09-25T17:10:51+00:00","breadcrumb":{"@id":"https:\/\/www.maccaferrifutura.it\/fr\/cookie-policy\/#breadcrumb"},"inLanguage":"fr-FR","potentialAction":[{"@type":"ReadAction","target":["https:\/\/www.maccaferrifutura.it\/fr\/cookie-policy\/"]}]},{"@type":"BreadcrumbList","@id":"https:\/\/www.maccaferrifutura.it\/fr\/cookie-policy\/#breadcrumb","itemListElement":[{"@type":"ListItem","position":1,"name":"Home","item":"https:\/\/www.maccaferrifutura.it\/fr\/"},{"@type":"ListItem","position":2,"name":"Cookie Policy"}]},{"@type":"WebSite","@id":"https:\/\/www.maccaferrifutura.it\/fr\/#website","url":"https:\/\/www.maccaferrifutura.it\/fr\/","name":"Maccaferri Futura","description":"","publisher":{"@id":"https:\/\/www.maccaferrifutura.it\/fr\/#organization"},"potentialAction":[{"@type":"SearchAction","target":{"@type":"EntryPoint","urlTemplate":"https:\/\/www.maccaferrifutura.it\/fr\/?s={search_term_string}"},"query-input":{"@type":"PropertyValueSpecification","valueRequired":true,"valueName":"search_term_string"}}],"inLanguage":"fr-FR"},{"@type":"Organization","@id":"https:\/\/www.maccaferrifutura.it\/fr\/#organization","name":"Maccaferri Futura","url":"https:\/\/www.maccaferrifutura.it\/fr\/","logo":{"@type":"ImageObject","inLanguage":"fr-FR","@id":"https:\/\/www.maccaferrifutura.it\/fr\/#\/schema\/logo\/image\/","url":"\/wp-content\/uploads\/2025\/06\/image-13.png","contentUrl":"\/wp-content\/uploads\/2025\/06\/image-13.png","width":1500,"height":1015,"caption":"Maccaferri Futura"},"image":{"@id":"https:\/\/www.maccaferrifutura.it\/fr\/#\/schema\/logo\/image\/"},"sameAs":["https:\/\/www.facebook.com\/maccaferrifutura","https:\/\/x.com\/MaccaferriWorld","http:\/\/youtube.com\/@MaccaferriFutura","https:\/\/www.instagram.com\/maccaferrifutura\/","https:\/\/www.linkedin.com\/company\/maccaferri-futura"]}]}},"_links":{"self":[{"href":"https:\/\/www.maccaferrifutura.it\/fr\/wp-json\/wp\/v2\/pages\/1974","targetHints":{"allow":["GET"]}}],"collection":[{"href":"https:\/\/www.maccaferrifutura.it\/fr\/wp-json\/wp\/v2\/pages"}],"about":[{"href":"https:\/\/www.maccaferrifutura.it\/fr\/wp-json\/wp\/v2\/types\/page"}],"author":[{"embeddable":true,"href":"https:\/\/www.maccaferrifutura.it\/fr\/wp-json\/wp\/v2\/users\/1"}],"replies":[{"embeddable":true,"href":"https:\/\/www.maccaferrifutura.it\/fr\/wp-json\/wp\/v2\/comments?post=1974"}],"version-history":[{"count":1,"href":"https:\/\/www.maccaferrifutura.it\/fr\/wp-json\/wp\/v2\/pages\/1974\/revisions"}],"predecessor-version":[{"id":1975,"href":"https:\/\/www.maccaferrifutura.it\/fr\/wp-json\/wp\/v2\/pages\/1974\/revisions\/1975"}],"wp:attachment":[{"href":"https:\/\/www.maccaferrifutura.it\/fr\/wp-json\/wp\/v2\/media?parent=1974"}],"curies":[{"name":"wp","href":"https:\/\/api.w.org\/{rel}","templated":true}]}}